{"id":52,"date":"2025-05-19T13:38:29","date_gmt":"2025-05-19T11:38:29","guid":{"rendered":"http:\/\/localhost\/lavandanna\/index.php\/contacto\/"},"modified":"2025-05-28T10:00:27","modified_gmt":"2025-05-28T08:00:27","slug":"contacto","status":"publish","type":"page","link":"https:\/\/lavandanna.com\/index.php\/contacto\/","title":{"rendered":"Contacto"},"content":{"rendered":"\n\n","protected":false},"excerpt":{"rendered":"","protected":false},"author":1,"featured_media":0,"parent":0,"menu_order":0,"comment_status":"closed","ping_status":"closed","template":"kubio-full-width","meta":{"saved_in_kubio":true,"footnotes":""},"class_list":["post-52","page","type-page","status-publish","hentry"],"kubio_ai_page_context":{"short_desc":"Dise\u00f1a una p\u00e1gina de contacto clara y accesible para Rancho Lavandanna. Debe incluir un formulario de contacto, n\u00famero de tel\u00e9fono, email y un bot\u00f3n destacado para contactar por WhatsApp. A\u00f1ade tambi\u00e9n la direcci\u00f3n f\u00edsica en Teruel y enlaces a redes sociales (Instagram y Facebook). El estilo debe ser natural, amable y coherente con la est\u00e9tica del resto del sitio. Si es posible, incluir un peque\u00f1o mensaje final invitando a visitar el rancho o a participar en sus talleres.","purpose":"contact","isFrontPage":false},"_links":{"self":[{"href":"https:\/\/lavandanna.com\/index.php\/wp-json\/wp\/v2\/pages\/52","targetHints":{"allow":["GET"]}}],"collection":[{"href":"https:\/\/lavandanna.com\/index.php\/wp-json\/wp\/v2\/pages"}],"about":[{"href":"https:\/\/lavandanna.com\/index.php\/wp-json\/wp\/v2\/types\/page"}],"author":[{"embeddable":true,"href":"https:\/\/lavandanna.com\/index.php\/wp-json\/wp\/v2\/users\/1"}],"replies":[{"embeddable":true,"href":"https:\/\/lavandanna.com\/index.php\/wp-json\/wp\/v2\/comments?post=52"}],"version-history":[{"count":14,"href":"https:\/\/lavandanna.com\/index.php\/wp-json\/wp\/v2\/pages\/52\/revisions"}],"predecessor-version":[{"id":523,"href":"https:\/\/lavandanna.com\/index.php\/wp-json\/wp\/v2\/pages\/52\/revisions\/523"}],"wp:attachment":[{"href":"https:\/\/lavandanna.com\/index.php\/wp-json\/wp\/v2\/media?parent=52"}],"curies":[{"name":"wp","href":"https:\/\/api.w.org\/{rel}","templated":true}]}}