{"id":51,"date":"2025-05-19T13:38:28","date_gmt":"2025-05-19T11:38:28","guid":{"rendered":"http:\/\/localhost\/lavandanna\/index.php\/productos\/"},"modified":"2025-05-27T17:24:15","modified_gmt":"2025-05-27T15:24:15","slug":"productos","status":"publish","type":"page","link":"https:\/\/lavandanna.com\/index.php\/productos\/","title":{"rendered":"Escaparate"},"content":{"rendered":"\n\n\n\n\n\n","protected":false},"excerpt":{"rendered":"","protected":false},"author":1,"featured_media":0,"parent":0,"menu_order":0,"comment_status":"closed","ping_status":"closed","template":"kubio-full-width","meta":{"saved_in_kubio":true,"footnotes":""},"class_list":["post-51","page","type-page","status-publish","hentry"],"kubio_ai_page_context":{"short_desc":"Crea una p\u00e1gina tipo escaparate donde se muestren los productos naturales elaborados en Rancho Lavandanna: ung\u00fcentos, cremas, aceites y otros preparados hechos con plantas cultivadas en su rancho. La p\u00e1gina debe tener una presentaci\u00f3n visual atractiva, con fotos reales y descripciones breves de cada producto. A\u00f1adir un mensaje que indique que no es una tienda online y un bot\u00f3n para hacer pedidos por WhatsApp. El estilo debe ser artesanal, natural y c\u00e1lido, alineado con el resto de la web.","purpose":"portfolio","isFrontPage":false},"_links":{"self":[{"href":"https:\/\/lavandanna.com\/index.php\/wp-json\/wp\/v2\/pages\/51","targetHints":{"allow":["GET"]}}],"collection":[{"href":"https:\/\/lavandanna.com\/index.php\/wp-json\/wp\/v2\/pages"}],"about":[{"href":"https:\/\/lavandanna.com\/index.php\/wp-json\/wp\/v2\/types\/page"}],"author":[{"embeddable":true,"href":"https:\/\/lavandanna.com\/index.php\/wp-json\/wp\/v2\/users\/1"}],"replies":[{"embeddable":true,"href":"https:\/\/lavandanna.com\/index.php\/wp-json\/wp\/v2\/comments?post=51"}],"version-history":[{"count":28,"href":"https:\/\/lavandanna.com\/index.php\/wp-json\/wp\/v2\/pages\/51\/revisions"}],"predecessor-version":[{"id":513,"href":"https:\/\/lavandanna.com\/index.php\/wp-json\/wp\/v2\/pages\/51\/revisions\/513"}],"wp:attachment":[{"href":"https:\/\/lavandanna.com\/index.php\/wp-json\/wp\/v2\/media?parent=51"}],"curies":[{"name":"wp","href":"https:\/\/api.w.org\/{rel}","templated":true}]}}