{"id":50,"date":"2025-05-19T13:38:27","date_gmt":"2025-05-19T11:38:27","guid":{"rendered":"http:\/\/localhost\/lavandanna\/index.php\/talleres\/"},"modified":"2025-05-27T17:19:22","modified_gmt":"2025-05-27T15:19:22","slug":"talleres","status":"publish","type":"page","link":"https:\/\/lavandanna.com\/index.php\/talleres\/","title":{"rendered":"Talleres"},"content":{"rendered":"\n\n\n\n\n\n\n\n","protected":false},"excerpt":{"rendered":"","protected":false},"author":1,"featured_media":0,"parent":0,"menu_order":0,"comment_status":"closed","ping_status":"closed","template":"page-talleres-template","meta":{"saved_in_kubio":true,"footnotes":""},"class_list":["post-50","page","type-page","status-publish","hentry"],"kubio_ai_page_context":{"short_desc":"Crea una p\u00e1gina que muestre los talleres educativos de Rancho Lavandanna, dirigidos a colegios, ayuntamientos y colectivos rurales. Los talleres ense\u00f1an a reconocer plantas medicinales y a elaborar ung\u00fcentos, cremas y remedios naturales con ingredientes cultivados en el rancho. Debe incluir una breve explicaci\u00f3n del contenido, fotos de los talleres en acci\u00f3n y un llamado a la acci\u00f3n para contactar por WhatsApp. El estilo debe ser natural, c\u00e1lido y educativo, reflejando el enfoque pr\u00e1ctico, ancestral y cercano de la asociaci\u00f3n.","purpose":"general","isFrontPage":false},"_links":{"self":[{"href":"https:\/\/lavandanna.com\/index.php\/wp-json\/wp\/v2\/pages\/50","targetHints":{"allow":["GET"]}}],"collection":[{"href":"https:\/\/lavandanna.com\/index.php\/wp-json\/wp\/v2\/pages"}],"about":[{"href":"https:\/\/lavandanna.com\/index.php\/wp-json\/wp\/v2\/types\/page"}],"author":[{"embeddable":true,"href":"https:\/\/lavandanna.com\/index.php\/wp-json\/wp\/v2\/users\/1"}],"replies":[{"embeddable":true,"href":"https:\/\/lavandanna.com\/index.php\/wp-json\/wp\/v2\/comments?post=50"}],"version-history":[{"count":9,"href":"https:\/\/lavandanna.com\/index.php\/wp-json\/wp\/v2\/pages\/50\/revisions"}],"predecessor-version":[{"id":512,"href":"https:\/\/lavandanna.com\/index.php\/wp-json\/wp\/v2\/pages\/50\/revisions\/512"}],"wp:attachment":[{"href":"https:\/\/lavandanna.com\/index.php\/wp-json\/wp\/v2\/media?parent=50"}],"curies":[{"name":"wp","href":"https:\/\/api.w.org\/{rel}","templated":true}]}}