{"id":308,"date":"2025-05-20T16:16:10","date_gmt":"2025-05-20T14:16:10","guid":{"rendered":"http:\/\/localhost\/lavandanna\/index.php\/cuento\/"},"modified":"2025-05-28T09:57:34","modified_gmt":"2025-05-28T07:57:34","slug":"cuento","status":"publish","type":"page","link":"https:\/\/lavandanna.com\/index.php\/cuento\/","title":{"rendered":"Cuento"},"content":{"rendered":"\n\n\n\n\n\n","protected":false},"excerpt":{"rendered":"","protected":false},"author":1,"featured_media":0,"parent":0,"menu_order":0,"comment_status":"closed","ping_status":"closed","template":"kubio-full-width","meta":{"saved_in_kubio":true,"footnotes":""},"class_list":["post-308","page","type-page","status-publish","hentry"],"kubio_ai_page_context":{"short_desc":"Crea una p\u00e1gina dedicada al cuento educativo de Rancho Lavandanna. Debe presentar a los personajes principales, Lavandi\u00f1o y el Sheriff Local\u00e9ndula, con ilustraciones llamativas y texto breve sobre su historia. Incluir una secci\u00f3n para leer un fragmento del cuento y un bot\u00f3n para descargarlo o escanear un QR. El estilo debe ser alegre, natural y accesible para p\u00fablico infantil y familiar, manteniendo la est\u00e9tica del sitio. Puede incluir un mensaje final que invite a educar desde la infancia en el respeto a la naturaleza y el conocimiento tradicional.","purpose":"general","isFrontPage":false},"_links":{"self":[{"href":"https:\/\/lavandanna.com\/index.php\/wp-json\/wp\/v2\/pages\/308","targetHints":{"allow":["GET"]}}],"collection":[{"href":"https:\/\/lavandanna.com\/index.php\/wp-json\/wp\/v2\/pages"}],"about":[{"href":"https:\/\/lavandanna.com\/index.php\/wp-json\/wp\/v2\/types\/page"}],"author":[{"embeddable":true,"href":"https:\/\/lavandanna.com\/index.php\/wp-json\/wp\/v2\/users\/1"}],"replies":[{"embeddable":true,"href":"https:\/\/lavandanna.com\/index.php\/wp-json\/wp\/v2\/comments?post=308"}],"version-history":[{"count":12,"href":"https:\/\/lavandanna.com\/index.php\/wp-json\/wp\/v2\/pages\/308\/revisions"}],"predecessor-version":[{"id":520,"href":"https:\/\/lavandanna.com\/index.php\/wp-json\/wp\/v2\/pages\/308\/revisions\/520"}],"wp:attachment":[{"href":"https:\/\/lavandanna.com\/index.php\/wp-json\/wp\/v2\/media?parent=308"}],"curies":[{"name":"wp","href":"https:\/\/api.w.org\/{rel}","templated":true}]}}